{"id":343,"date":"2021-02-04T23:04:27","date_gmt":"2021-02-04T22:04:27","guid":{"rendered":"http:\/\/serwer1827016.home.pl\/expamet\/?page_id=343"},"modified":"2021-02-05T00:05:53","modified_gmt":"2021-02-04T23:05:53","slug":"o-nas","status":"publish","type":"page","link":"https:\/\/expamet.pl\/","title":{"rendered":"O nas"},"content":{"rendered":"\n<p><strong>E<span class=\"has-inline-color has-vivid-red-color\">X<\/span>Pamet<\/strong> to zesp\u00f3l zaanga\u017cowanych i tworz\u0105cych z pasj\u0105 profesjonalist\u00f3w. Od ponad 20 lat realizujemy r\u00f3\u017cnorodne projekty inwestycyjne w budownictwie i przemy\u015ble.<\/p>\n\n\n\n<p>Specjalizujemy si\u0119 g\u0142ownie w sufitach podwieszanych, zabudowach \u015bciennych oraz elewacjach wentylowanych wykonanych z metalu.<\/p>\n\n\n\n<p>Nasz\u0105 domen\u0105 s\u0105 wyroby z sitaki ci\u0119to ci\u0105gnionej, blachy perforowanej oraz innych materia\u0142\u00f3w a\u017curowych. <br>Pracujemy g\u0142ownie w stali i aluminium . Wykonujemy wyroby z metali szlachetnych takich jak tytan-cynk, mied\u017a i mosi\u0105dzu.<\/p>\n\n\n\n<p><\/p>\n","protected":false},"excerpt":{"rendered":"<p>EXPamet to zesp\u00f3l zaanga\u017cowanych i tworz\u0105cych z pasj\u0105 profesjonalist\u00f3w. Od ponad 20 lat realizujemy r\u00f3\u017cnorodne projekty inwestycyjne w budownictwie i<\/p>\n","protected":false},"author":1,"featured_media":0,"parent":0,"menu_order":0,"comment_status":"closed","ping_status":"closed","template":"","meta":{"ngg_post_thumbnail":0,"footnotes":""},"class_list":["post-343","page","type-page","status-publish","hentry"],"yoast_head":"<!-- This site is optimized with the Yoast SEO plugin v26.8 - https:\/\/yoast.com\/product\/yoast-seo-wordpress\/ -->\n<title>O nas - Expamet<\/title>\n<meta name=\"robots\" content=\"index, follow, max-snippet:-1, max-image-preview:large, max-video-preview:-1\" \/>\n<link rel=\"canonical\" href=\"https:\/\/expamet.pl\/\" \/>\n<meta property=\"og:locale\" content=\"pl_PL\" \/>\n<meta property=\"og:type\" content=\"article\" \/>\n<meta property=\"og:title\" content=\"O nas - Expamet\" \/>\n<meta property=\"og:description\" content=\"EXPamet to zesp\u00f3l zaanga\u017cowanych i tworz\u0105cych z pasj\u0105 profesjonalist\u00f3w. Od ponad 20 lat realizujemy r\u00f3\u017cnorodne projekty inwestycyjne w budownictwie i\" \/>\n<meta property=\"og:url\" content=\"https:\/\/expamet.pl\/\" \/>\n<meta property=\"og:site_name\" content=\"Expamet\" \/>\n<meta property=\"article:modified_time\" content=\"2021-02-04T23:05:53+00:00\" \/>\n<meta name=\"twitter:card\" content=\"summary_large_image\" \/>\n<script type=\"application\/ld+json\" class=\"yoast-schema-graph\">{\"@context\":\"https:\/\/schema.org\",\"@graph\":[{\"@type\":\"WebPage\",\"@id\":\"https:\/\/expamet.pl\/\",\"url\":\"https:\/\/expamet.pl\/\",\"name\":\"O nas - Expamet\",\"isPartOf\":{\"@id\":\"https:\/\/expamet.pl\/#website\"},\"datePublished\":\"2021-02-04T22:04:27+00:00\",\"dateModified\":\"2021-02-04T23:05:53+00:00\",\"breadcrumb\":{\"@id\":\"https:\/\/expamet.pl\/#breadcrumb\"},\"inLanguage\":\"pl-PL\",\"potentialAction\":[{\"@type\":\"ReadAction\",\"target\":[\"https:\/\/expamet.pl\/\"]}]},{\"@type\":\"BreadcrumbList\",\"@id\":\"https:\/\/expamet.pl\/#breadcrumb\",\"itemListElement\":[{\"@type\":\"ListItem\",\"position\":1,\"name\":\"Strona g\u0142\u00f3wna\",\"item\":\"https:\/\/expamet.pl\/\"},{\"@type\":\"ListItem\",\"position\":2,\"name\":\"O nas\"}]},{\"@type\":\"WebSite\",\"@id\":\"https:\/\/expamet.pl\/#website\",\"url\":\"https:\/\/expamet.pl\/\",\"name\":\"Expamet\",\"description\":\"Siatki ci\u0119to ci\u0105gnione , sufity perforowane , sufity podwieszane metalowe\",\"publisher\":{\"@id\":\"https:\/\/expamet.pl\/#organization\"},\"potentialAction\":[{\"@type\":\"SearchAction\",\"target\":{\"@type\":\"EntryPoint\",\"urlTemplate\":\"https:\/\/expamet.pl\/?s={search_term_string}\"},\"query-input\":{\"@type\":\"PropertyValueSpecification\",\"valueRequired\":true,\"valueName\":\"search_term_string\"}}],\"inLanguage\":\"pl-PL\"},{\"@type\":\"Organization\",\"@id\":\"https:\/\/expamet.pl\/#organization\",\"name\":\"Explamet\",\"url\":\"https:\/\/expamet.pl\/\",\"logo\":{\"@type\":\"ImageObject\",\"inLanguage\":\"pl-PL\",\"@id\":\"https:\/\/expamet.pl\/#\/schema\/logo\/image\/\",\"url\":\"https:\/\/expamet.pl\/wp-content\/uploads\/2021\/02\/minilogo.gif\",\"contentUrl\":\"https:\/\/expamet.pl\/wp-content\/uploads\/2021\/02\/minilogo.gif\",\"width\":512,\"height\":341,\"caption\":\"Explamet\"},\"image\":{\"@id\":\"https:\/\/expamet.pl\/#\/schema\/logo\/image\/\"}}]}<\/script>\n<!-- \/ Yoast SEO plugin. -->","yoast_head_json":{"title":"O nas - Expamet","robots":{"index":"index","follow":"follow","max-snippet":"max-snippet:-1","max-image-preview":"max-image-preview:large","max-video-preview":"max-video-preview:-1"},"canonical":"https:\/\/expamet.pl\/","og_locale":"pl_PL","og_type":"article","og_title":"O nas - Expamet","og_description":"EXPamet to zesp\u00f3l zaanga\u017cowanych i tworz\u0105cych z pasj\u0105 profesjonalist\u00f3w. Od ponad 20 lat realizujemy r\u00f3\u017cnorodne projekty inwestycyjne w budownictwie i","og_url":"https:\/\/expamet.pl\/","og_site_name":"Expamet","article_modified_time":"2021-02-04T23:05:53+00:00","twitter_card":"summary_large_image","schema":{"@context":"https:\/\/schema.org","@graph":[{"@type":"WebPage","@id":"https:\/\/expamet.pl\/","url":"https:\/\/expamet.pl\/","name":"O nas - Expamet","isPartOf":{"@id":"https:\/\/expamet.pl\/#website"},"datePublished":"2021-02-04T22:04:27+00:00","dateModified":"2021-02-04T23:05:53+00:00","breadcrumb":{"@id":"https:\/\/expamet.pl\/#breadcrumb"},"inLanguage":"pl-PL","potentialAction":[{"@type":"ReadAction","target":["https:\/\/expamet.pl\/"]}]},{"@type":"BreadcrumbList","@id":"https:\/\/expamet.pl\/#breadcrumb","itemListElement":[{"@type":"ListItem","position":1,"name":"Strona g\u0142\u00f3wna","item":"https:\/\/expamet.pl\/"},{"@type":"ListItem","position":2,"name":"O nas"}]},{"@type":"WebSite","@id":"https:\/\/expamet.pl\/#website","url":"https:\/\/expamet.pl\/","name":"Expamet","description":"Siatki ci\u0119to ci\u0105gnione , sufity perforowane , sufity podwieszane metalowe","publisher":{"@id":"https:\/\/expamet.pl\/#organization"},"potentialAction":[{"@type":"SearchAction","target":{"@type":"EntryPoint","urlTemplate":"https:\/\/expamet.pl\/?s={search_term_string}"},"query-input":{"@type":"PropertyValueSpecification","valueRequired":true,"valueName":"search_term_string"}}],"inLanguage":"pl-PL"},{"@type":"Organization","@id":"https:\/\/expamet.pl\/#organization","name":"Explamet","url":"https:\/\/expamet.pl\/","logo":{"@type":"ImageObject","inLanguage":"pl-PL","@id":"https:\/\/expamet.pl\/#\/schema\/logo\/image\/","url":"https:\/\/expamet.pl\/wp-content\/uploads\/2021\/02\/minilogo.gif","contentUrl":"https:\/\/expamet.pl\/wp-content\/uploads\/2021\/02\/minilogo.gif","width":512,"height":341,"caption":"Explamet"},"image":{"@id":"https:\/\/expamet.pl\/#\/schema\/logo\/image\/"}}]}},"_links":{"self":[{"href":"https:\/\/expamet.pl\/index.php?rest_route=\/wp\/v2\/pages\/343","targetHints":{"allow":["GET"]}}],"collection":[{"href":"https:\/\/expamet.pl\/index.php?rest_route=\/wp\/v2\/pages"}],"about":[{"href":"https:\/\/expamet.pl\/index.php?rest_route=\/wp\/v2\/types\/page"}],"author":[{"embeddable":true,"href":"https:\/\/expamet.pl\/index.php?rest_route=\/wp\/v2\/users\/1"}],"replies":[{"embeddable":true,"href":"https:\/\/expamet.pl\/index.php?rest_route=%2Fwp%2Fv2%2Fcomments&post=343"}],"version-history":[{"count":4,"href":"https:\/\/expamet.pl\/index.php?rest_route=\/wp\/v2\/pages\/343\/revisions"}],"predecessor-version":[{"id":366,"href":"https:\/\/expamet.pl\/index.php?rest_route=\/wp\/v2\/pages\/343\/revisions\/366"}],"wp:attachment":[{"href":"https:\/\/expamet.pl\/index.php?rest_route=%2Fwp%2Fv2%2Fmedia&parent=343"}],"curies":[{"name":"wp","href":"https:\/\/api.w.org\/{rel}","templated":true}]}}